{"id":68,"date":"2025-04-10T08:50:01","date_gmt":"2025-04-10T08:50:01","guid":{"rendered":"https:\/\/yo.ledgar.eu\/?post_type=product&#038;p=68"},"modified":"2025-04-10T10:30:10","modified_gmt":"2025-04-10T10:30:10","slug":"cepes","status":"publish","type":"product","link":"https:\/\/yo.ledgar.eu\/?product=cepes","title":{"rendered":"C\u00eapes"},"content":{"rendered":"<p><img loading=\"lazy\" decoding=\"async\" class=\"alignnone size-medium wp-image-69\" src=\"https:\/\/yo.ledgar.eu\/wp-content\/uploads\/2025\/04\/cepePins5-300x205.jpg\" alt=\"\" width=\"300\" height=\"205\" srcset=\"https:\/\/yo.ledgar.eu\/wp-content\/uploads\/2025\/04\/cepePins5-300x205.jpg 300w, https:\/\/yo.ledgar.eu\/wp-content\/uploads\/2025\/04\/cepePins5.jpg 600w\" sizes=\"auto, (max-width: 300px) 100vw, 300px\" \/><\/p>\n<p>&nbsp;<\/p>\n<p>Les rois de la for\u00eat, pas besoins de le pr\u00e9senter ! parfaits pour vos recettes d&rsquo;automne&#8230;. ou toutes l&rsquo;ann\u00e9e grace a nos packs s\u00e9ch\u00e9s !!!<\/p>\n","protected":false},"excerpt":{"rendered":"<p>tout le monde connait<\/p>\n","protected":false},"featured_media":69,"comment_status":"open","ping_status":"closed","template":"","meta":[],"product_brand":[],"product_cat":[15],"product_tag":[17],"class_list":{"0":"post-68","1":"product","2":"type-product","3":"status-publish","4":"has-post-thumbnail","6":"product_cat-non-classe","7":"product_tag-cepe","9":"first","10":"instock","11":"sale","12":"shipping-taxable","13":"purchasable","14":"product-type-simple"},"yoast_head":"<!-- This site is optimized with the Yoast SEO plugin v25.0 - https:\/\/yoast.com\/wordpress\/plugins\/seo\/ -->\n<title>C\u00eapes - La boutique du Royaume des champipis<\/title>\n<meta name=\"robots\" content=\"noindex, follow, max-snippet:-1, max-image-preview:large, max-video-preview:-1\" \/>\n<meta property=\"og:locale\" content=\"fr_FR\" \/>\n<meta property=\"og:type\" content=\"article\" \/>\n<meta property=\"og:title\" content=\"C\u00eapes - La boutique du Royaume des champipis\" \/>\n<meta property=\"og:description\" content=\"tout le monde connait\" \/>\n<meta property=\"og:url\" content=\"https:\/\/yo.ledgar.eu\/?product=cepes\" \/>\n<meta property=\"og:site_name\" content=\"La boutique du Royaume des champipis\" \/>\n<meta property=\"article:modified_time\" content=\"2025-04-10T10:30:10+00:00\" \/>\n<meta property=\"og:image\" content=\"https:\/\/yo.ledgar.eu\/wp-content\/uploads\/2025\/04\/cepePins5.jpg\" \/>\n\t<meta property=\"og:image:width\" content=\"600\" \/>\n\t<meta property=\"og:image:height\" content=\"409\" \/>\n\t<meta property=\"og:image:type\" content=\"image\/jpeg\" \/>\n<meta name=\"twitter:card\" content=\"summary_large_image\" \/>\n<meta name=\"twitter:label1\" content=\"Dur\u00e9e de lecture estim\u00e9e\" \/>\n\t<meta name=\"twitter:data1\" content=\"1 minute\" \/>\n<script type=\"application\/ld+json\" class=\"yoast-schema-graph\">{\"@context\":\"https:\/\/schema.org\",\"@graph\":[{\"@type\":\"WebPage\",\"@id\":\"https:\/\/yo.ledgar.eu\/?product=cepes\",\"url\":\"https:\/\/yo.ledgar.eu\/?product=cepes\",\"name\":\"C\u00eapes - La boutique du Royaume des champipis\",\"isPartOf\":{\"@id\":\"https:\/\/yo.ledgar.eu\/#website\"},\"primaryImageOfPage\":{\"@id\":\"https:\/\/yo.ledgar.eu\/?product=cepes#primaryimage\"},\"image\":{\"@id\":\"https:\/\/yo.ledgar.eu\/?product=cepes#primaryimage\"},\"thumbnailUrl\":\"https:\/\/yo.ledgar.eu\/wp-content\/uploads\/2025\/04\/cepePins5.jpg\",\"datePublished\":\"2025-04-10T08:50:01+00:00\",\"dateModified\":\"2025-04-10T10:30:10+00:00\",\"breadcrumb\":{\"@id\":\"https:\/\/yo.ledgar.eu\/?product=cepes#breadcrumb\"},\"inLanguage\":\"fr-FR\",\"potentialAction\":[{\"@type\":\"ReadAction\",\"target\":[\"https:\/\/yo.ledgar.eu\/?product=cepes\"]}]},{\"@type\":\"ImageObject\",\"inLanguage\":\"fr-FR\",\"@id\":\"https:\/\/yo.ledgar.eu\/?product=cepes#primaryimage\",\"url\":\"https:\/\/yo.ledgar.eu\/wp-content\/uploads\/2025\/04\/cepePins5.jpg\",\"contentUrl\":\"https:\/\/yo.ledgar.eu\/wp-content\/uploads\/2025\/04\/cepePins5.jpg\",\"width\":600,\"height\":409,\"caption\":\"c\u00eapes\"},{\"@type\":\"BreadcrumbList\",\"@id\":\"https:\/\/yo.ledgar.eu\/?product=cepes#breadcrumb\",\"itemListElement\":[{\"@type\":\"ListItem\",\"position\":1,\"name\":\"Accueil\",\"item\":\"https:\/\/yo.ledgar.eu\/\"},{\"@type\":\"ListItem\",\"position\":2,\"name\":\"Boutique\",\"item\":\"https:\/\/yo.ledgar.eu\/?page_id=6\"},{\"@type\":\"ListItem\",\"position\":3,\"name\":\"C\u00eapes\"}]},{\"@type\":\"WebSite\",\"@id\":\"https:\/\/yo.ledgar.eu\/#website\",\"url\":\"https:\/\/yo.ledgar.eu\/\",\"name\":\"La boutique du Royaume des champipis\",\"description\":\"\",\"potentialAction\":[{\"@type\":\"SearchAction\",\"target\":{\"@type\":\"EntryPoint\",\"urlTemplate\":\"https:\/\/yo.ledgar.eu\/?s={search_term_string}\"},\"query-input\":{\"@type\":\"PropertyValueSpecification\",\"valueRequired\":true,\"valueName\":\"search_term_string\"}}],\"inLanguage\":\"fr-FR\"}]}<\/script>\n<!-- \/ Yoast SEO plugin. -->","yoast_head_json":{"title":"C\u00eapes - La boutique du Royaume des champipis","robots":{"index":"noindex","follow":"follow","max-snippet":"max-snippet:-1","max-image-preview":"max-image-preview:large","max-video-preview":"max-video-preview:-1"},"og_locale":"fr_FR","og_type":"article","og_title":"C\u00eapes - La boutique du Royaume des champipis","og_description":"tout le monde connait","og_url":"https:\/\/yo.ledgar.eu\/?product=cepes","og_site_name":"La boutique du Royaume des champipis","article_modified_time":"2025-04-10T10:30:10+00:00","og_image":[{"width":600,"height":409,"url":"https:\/\/yo.ledgar.eu\/wp-content\/uploads\/2025\/04\/cepePins5.jpg","type":"image\/jpeg"}],"twitter_card":"summary_large_image","twitter_misc":{"Dur\u00e9e de lecture estim\u00e9e":"1 minute"},"schema":{"@context":"https:\/\/schema.org","@graph":[{"@type":"WebPage","@id":"https:\/\/yo.ledgar.eu\/?product=cepes","url":"https:\/\/yo.ledgar.eu\/?product=cepes","name":"C\u00eapes - La boutique du Royaume des champipis","isPartOf":{"@id":"https:\/\/yo.ledgar.eu\/#website"},"primaryImageOfPage":{"@id":"https:\/\/yo.ledgar.eu\/?product=cepes#primaryimage"},"image":{"@id":"https:\/\/yo.ledgar.eu\/?product=cepes#primaryimage"},"thumbnailUrl":"https:\/\/yo.ledgar.eu\/wp-content\/uploads\/2025\/04\/cepePins5.jpg","datePublished":"2025-04-10T08:50:01+00:00","dateModified":"2025-04-10T10:30:10+00:00","breadcrumb":{"@id":"https:\/\/yo.ledgar.eu\/?product=cepes#breadcrumb"},"inLanguage":"fr-FR","potentialAction":[{"@type":"ReadAction","target":["https:\/\/yo.ledgar.eu\/?product=cepes"]}]},{"@type":"ImageObject","inLanguage":"fr-FR","@id":"https:\/\/yo.ledgar.eu\/?product=cepes#primaryimage","url":"https:\/\/yo.ledgar.eu\/wp-content\/uploads\/2025\/04\/cepePins5.jpg","contentUrl":"https:\/\/yo.ledgar.eu\/wp-content\/uploads\/2025\/04\/cepePins5.jpg","width":600,"height":409,"caption":"c\u00eapes"},{"@type":"BreadcrumbList","@id":"https:\/\/yo.ledgar.eu\/?product=cepes#breadcrumb","itemListElement":[{"@type":"ListItem","position":1,"name":"Accueil","item":"https:\/\/yo.ledgar.eu\/"},{"@type":"ListItem","position":2,"name":"Boutique","item":"https:\/\/yo.ledgar.eu\/?page_id=6"},{"@type":"ListItem","position":3,"name":"C\u00eapes"}]},{"@type":"WebSite","@id":"https:\/\/yo.ledgar.eu\/#website","url":"https:\/\/yo.ledgar.eu\/","name":"La boutique du Royaume des champipis","description":"","potentialAction":[{"@type":"SearchAction","target":{"@type":"EntryPoint","urlTemplate":"https:\/\/yo.ledgar.eu\/?s={search_term_string}"},"query-input":{"@type":"PropertyValueSpecification","valueRequired":true,"valueName":"search_term_string"}}],"inLanguage":"fr-FR"}]}},"_links":{"self":[{"href":"https:\/\/yo.ledgar.eu\/index.php?rest_route=\/wp\/v2\/product\/68","targetHints":{"allow":["GET"]}}],"collection":[{"href":"https:\/\/yo.ledgar.eu\/index.php?rest_route=\/wp\/v2\/product"}],"about":[{"href":"https:\/\/yo.ledgar.eu\/index.php?rest_route=\/wp\/v2\/types\/product"}],"replies":[{"embeddable":true,"href":"https:\/\/yo.ledgar.eu\/index.php?rest_route=%2Fwp%2Fv2%2Fcomments&post=68"}],"wp:featuredmedia":[{"embeddable":true,"href":"https:\/\/yo.ledgar.eu\/index.php?rest_route=\/wp\/v2\/media\/69"}],"wp:attachment":[{"href":"https:\/\/yo.ledgar.eu\/index.php?rest_route=%2Fwp%2Fv2%2Fmedia&parent=68"}],"wp:term":[{"taxonomy":"product_brand","embeddable":true,"href":"https:\/\/yo.ledgar.eu\/index.php?rest_route=%2Fwp%2Fv2%2Fproduct_brand&post=68"},{"taxonomy":"product_cat","embeddable":true,"href":"https:\/\/yo.ledgar.eu\/index.php?rest_route=%2Fwp%2Fv2%2Fproduct_cat&post=68"},{"taxonomy":"product_tag","embeddable":true,"href":"https:\/\/yo.ledgar.eu\/index.php?rest_route=%2Fwp%2Fv2%2Fproduct_tag&post=68"}],"curies":[{"name":"wp","href":"https:\/\/api.w.org\/{rel}","templated":true}]}}