{"id":2,"date":"2025-04-10T08:18:19","date_gmt":"2025-04-10T08:18:19","guid":{"rendered":"https:\/\/yo.ledgar.eu\/?page_id=2"},"modified":"2025-04-10T09:31:59","modified_gmt":"2025-04-10T09:31:59","slug":"sample-page","status":"publish","type":"page","link":"https:\/\/yo.ledgar.eu\/?page_id=2","title":{"rendered":"A propos de moi"},"content":{"rendered":"<p>Yo<\/p><p><\/p><p><\/p><p>Salut moi c&rsquo;est Yo HK, un chasseur de champignons et passionn\u00e9 depuis ma plus tendre enfance. J&rsquo;ai grandi dans le fin fond du Gard ou j&rsquo;ai troqu\u00e9 mon bout de ville pour atterrir au fin fond des for\u00eats Loz\u00e9riennes, l\u00e0 j&rsquo;ai appris \u00e0 reconna\u00eetre les champignons les plus rares et les plus d\u00e9licieux.&nbsp;<\/p><p>Ma qu\u00eate m&rsquo;a men\u00e9 \u00e0 travers des aventures incroyables ! , &#8230; comme la fois o\u00f9 j&rsquo;ai confondus des Fer de lances avec des mousserons !!&#8230; enfin bref, le truc m\u00e9morable ! &#8230; maintenant vous pouvez me croire, &#8230; je les connais !!!! \ud83d\ude42<\/p><blockquote class=\"wp-block-quote is-layout-flow wp-block-quote-is-layout-flow\"><\/blockquote><p>&#8230;or something like this:<\/p><blockquote class=\"wp-block-quote is-layout-flow wp-block-quote-is-layout-flow\"><\/blockquote>","protected":false},"excerpt":{"rendered":"<p>Yo Salut moi c&rsquo;est Yo HK, un chasseur de champignons et passionn\u00e9 depuis ma plus tendre enfance. J&rsquo;ai grandi dans le fin fond du Gard ou j&rsquo;ai troqu\u00e9 mon bout de ville pour atterrir au fin fond des for\u00eats Loz\u00e9riennes, l\u00e0 j&rsquo;ai appris \u00e0 reconna\u00eetre les champignons les plus rares et les plus d\u00e9licieux.&nbsp; Ma [&hellip;]<\/p>\n","protected":false},"author":1,"featured_media":0,"parent":0,"menu_order":0,"comment_status":"closed","ping_status":"open","template":"","meta":{"footnotes":""},"class_list":["post-2","page","type-page","status-publish","hentry"],"yoast_head":"<!-- This site is optimized with the Yoast SEO plugin v25.0 - https:\/\/yoast.com\/wordpress\/plugins\/seo\/ -->\n<title>A propos de moi - La boutique du Royaume des champipis<\/title>\n<meta name=\"robots\" content=\"noindex, follow, max-snippet:-1, max-image-preview:large, max-video-preview:-1\" \/>\n<meta property=\"og:locale\" content=\"fr_FR\" \/>\n<meta property=\"og:type\" content=\"article\" \/>\n<meta property=\"og:title\" content=\"A propos de moi - La boutique du Royaume des champipis\" \/>\n<meta property=\"og:description\" content=\"Yo Salut moi c&rsquo;est Yo HK, un chasseur de champignons et passionn\u00e9 depuis ma plus tendre enfance. J&rsquo;ai grandi dans le fin fond du Gard ou j&rsquo;ai troqu\u00e9 mon bout de ville pour atterrir au fin fond des for\u00eats Loz\u00e9riennes, l\u00e0 j&rsquo;ai appris \u00e0 reconna\u00eetre les champignons les plus rares et les plus d\u00e9licieux.&nbsp; Ma [&hellip;]\" \/>\n<meta property=\"og:url\" content=\"https:\/\/yo.ledgar.eu\/?page_id=2\" \/>\n<meta property=\"og:site_name\" content=\"La boutique du Royaume des champipis\" \/>\n<meta property=\"article:modified_time\" content=\"2025-04-10T09:31:59+00:00\" \/>\n<meta name=\"twitter:card\" content=\"summary_large_image\" \/>\n<meta name=\"twitter:label1\" content=\"Dur\u00e9e de lecture estim\u00e9e\" \/>\n\t<meta name=\"twitter:data1\" content=\"1 minute\" \/>\n<script type=\"application\/ld+json\" class=\"yoast-schema-graph\">{\"@context\":\"https:\/\/schema.org\",\"@graph\":[{\"@type\":\"WebPage\",\"@id\":\"https:\/\/yo.ledgar.eu\/?page_id=2\",\"url\":\"https:\/\/yo.ledgar.eu\/?page_id=2\",\"name\":\"A propos de moi - La boutique du Royaume des champipis\",\"isPartOf\":{\"@id\":\"https:\/\/yo.ledgar.eu\/#website\"},\"datePublished\":\"2025-04-10T08:18:19+00:00\",\"dateModified\":\"2025-04-10T09:31:59+00:00\",\"breadcrumb\":{\"@id\":\"https:\/\/yo.ledgar.eu\/?page_id=2#breadcrumb\"},\"inLanguage\":\"fr-FR\",\"potentialAction\":[{\"@type\":\"ReadAction\",\"target\":[\"https:\/\/yo.ledgar.eu\/?page_id=2\"]}]},{\"@type\":\"BreadcrumbList\",\"@id\":\"https:\/\/yo.ledgar.eu\/?page_id=2#breadcrumb\",\"itemListElement\":[{\"@type\":\"ListItem\",\"position\":1,\"name\":\"Accueil\",\"item\":\"https:\/\/yo.ledgar.eu\/\"},{\"@type\":\"ListItem\",\"position\":2,\"name\":\"A propos de moi\"}]},{\"@type\":\"WebSite\",\"@id\":\"https:\/\/yo.ledgar.eu\/#website\",\"url\":\"https:\/\/yo.ledgar.eu\/\",\"name\":\"La boutique du Royaume des champipis\",\"description\":\"\",\"potentialAction\":[{\"@type\":\"SearchAction\",\"target\":{\"@type\":\"EntryPoint\",\"urlTemplate\":\"https:\/\/yo.ledgar.eu\/?s={search_term_string}\"},\"query-input\":{\"@type\":\"PropertyValueSpecification\",\"valueRequired\":true,\"valueName\":\"search_term_string\"}}],\"inLanguage\":\"fr-FR\"}]}<\/script>\n<!-- \/ Yoast SEO plugin. -->","yoast_head_json":{"title":"A propos de moi - La boutique du Royaume des champipis","robots":{"index":"noindex","follow":"follow","max-snippet":"max-snippet:-1","max-image-preview":"max-image-preview:large","max-video-preview":"max-video-preview:-1"},"og_locale":"fr_FR","og_type":"article","og_title":"A propos de moi - La boutique du Royaume des champipis","og_description":"Yo Salut moi c&rsquo;est Yo HK, un chasseur de champignons et passionn\u00e9 depuis ma plus tendre enfance. J&rsquo;ai grandi dans le fin fond du Gard ou j&rsquo;ai troqu\u00e9 mon bout de ville pour atterrir au fin fond des for\u00eats Loz\u00e9riennes, l\u00e0 j&rsquo;ai appris \u00e0 reconna\u00eetre les champignons les plus rares et les plus d\u00e9licieux.&nbsp; Ma [&hellip;]","og_url":"https:\/\/yo.ledgar.eu\/?page_id=2","og_site_name":"La boutique du Royaume des champipis","article_modified_time":"2025-04-10T09:31:59+00:00","twitter_card":"summary_large_image","twitter_misc":{"Dur\u00e9e de lecture estim\u00e9e":"1 minute"},"schema":{"@context":"https:\/\/schema.org","@graph":[{"@type":"WebPage","@id":"https:\/\/yo.ledgar.eu\/?page_id=2","url":"https:\/\/yo.ledgar.eu\/?page_id=2","name":"A propos de moi - La boutique du Royaume des champipis","isPartOf":{"@id":"https:\/\/yo.ledgar.eu\/#website"},"datePublished":"2025-04-10T08:18:19+00:00","dateModified":"2025-04-10T09:31:59+00:00","breadcrumb":{"@id":"https:\/\/yo.ledgar.eu\/?page_id=2#breadcrumb"},"inLanguage":"fr-FR","potentialAction":[{"@type":"ReadAction","target":["https:\/\/yo.ledgar.eu\/?page_id=2"]}]},{"@type":"BreadcrumbList","@id":"https:\/\/yo.ledgar.eu\/?page_id=2#breadcrumb","itemListElement":[{"@type":"ListItem","position":1,"name":"Accueil","item":"https:\/\/yo.ledgar.eu\/"},{"@type":"ListItem","position":2,"name":"A propos de moi"}]},{"@type":"WebSite","@id":"https:\/\/yo.ledgar.eu\/#website","url":"https:\/\/yo.ledgar.eu\/","name":"La boutique du Royaume des champipis","description":"","potentialAction":[{"@type":"SearchAction","target":{"@type":"EntryPoint","urlTemplate":"https:\/\/yo.ledgar.eu\/?s={search_term_string}"},"query-input":{"@type":"PropertyValueSpecification","valueRequired":true,"valueName":"search_term_string"}}],"inLanguage":"fr-FR"}]}},"_links":{"self":[{"href":"https:\/\/yo.ledgar.eu\/index.php?rest_route=\/wp\/v2\/pages\/2","targetHints":{"allow":["GET"]}}],"collection":[{"href":"https:\/\/yo.ledgar.eu\/index.php?rest_route=\/wp\/v2\/pages"}],"about":[{"href":"https:\/\/yo.ledgar.eu\/index.php?rest_route=\/wp\/v2\/types\/page"}],"author":[{"embeddable":true,"href":"https:\/\/yo.ledgar.eu\/index.php?rest_route=\/wp\/v2\/users\/1"}],"replies":[{"embeddable":true,"href":"https:\/\/yo.ledgar.eu\/index.php?rest_route=%2Fwp%2Fv2%2Fcomments&post=2"}],"version-history":[{"count":1,"href":"https:\/\/yo.ledgar.eu\/index.php?rest_route=\/wp\/v2\/pages\/2\/revisions"}],"predecessor-version":[{"id":80,"href":"https:\/\/yo.ledgar.eu\/index.php?rest_route=\/wp\/v2\/pages\/2\/revisions\/80"}],"wp:attachment":[{"href":"https:\/\/yo.ledgar.eu\/index.php?rest_route=%2Fwp%2Fv2%2Fmedia&parent=2"}],"curies":[{"name":"wp","href":"https:\/\/api.w.org\/{rel}","templated":true}]}}